{"id":1322,"date":"2010-11-28T22:14:36","date_gmt":"2010-11-28T21:14:36","guid":{"rendered":"http:\/\/www.borattupplysning.se\/wp_brskola\/?page_id=1322"},"modified":"2015-07-15T22:55:19","modified_gmt":"2015-07-15T20:55:19","slug":"bra-bostadsrattsforening","status":"publish","type":"page","link":"https:\/\/www.borattupplysning.se\/wp_brskola\/bra-bostadsrattsforening\/","title":{"rendered":"34. G\u00f6r ett klokt k\u00f6p &#8211; v\u00e4lj en bra bostadsr\u00e4ttsf\u00f6rening!"},"content":{"rendered":"<h2><strong><span style=\"text-decoration: underline;\">Vad \u00e4r en bra bostadsr\u00e4tt?<\/span><\/strong><\/h2>\n<h2><\/h2>\n<p>Att k\u00f6pa bostadsr\u00e4tt \u00e4r f\u00f6r de flesta den st\u00f6rsta och viktigaste aff\u00e4r man n\u00e5gonsin g\u00f6r. D\u00e5 borde det vara sj\u00e4lvklart att f\u00e5 alla fakta p\u00e5 bordet s\u00e5 att man kan g\u00f6ra ett bra och s\u00e4kert val. Men tyv\u00e4rr \u00e4r det s\u00e4llan s\u00e5. Den viktigaste aspekten omn\u00e4mns n\u00e4stan aldrig, n\u00e4mligen den om bostadsr\u00e4ttsf\u00f6reningens ekonomi. F\u00f6reningens ekonomi \u00e4r avg\u00f6rande f\u00f6r hur boendekostnaden och v\u00e4rdet p\u00e5 bostadsr\u00e4tten kommer att utvecklas i framtiden.<\/p>\n<p>Den som vill g\u00f6ra ett bra och klokt k\u00f6p ska d\u00e4rf\u00f6r i f\u00f6rsta hand leta bostadsr\u00e4tt\u00a0bland <strong>ekonomiskt<\/strong> <strong>bra bostadsr\u00e4ttsf\u00f6reningar<\/strong>, och bara k\u00f6pa bostadsr\u00e4tt i en s\u00e5dan f\u00f6rening!<\/p>\n<p>Vad utm\u00e4rker d\u00e5 en \u201cbra\u201d f\u00f6rening?<\/p>\n<p><strong>1. F\u00f6rst och fr\u00e4mst att f\u00f6reningens skulder \u00e4r l\u00e5ga.<\/strong>\u00a0 Allts\u00e5 en l\u00e5gt bel\u00e5nad f\u00f6rening (men den beh\u00f6ver inte vara skuldfri). L\u00e5g bel\u00e5ning inneb\u00e4r l\u00e5g risk och l\u00e5ga kostnader f\u00f6r f\u00f6reningen, och d\u00e4rmed en l\u00e5g avgift f\u00f6r de boende. Det h\u00e4r utesluter de flesta nybyggda eller nybildade f\u00f6reningar, som ofta \u00e4r h\u00f6gt bel\u00e5nade.<\/p>\n<p><strong>2. M\u00e5nadsavgiften ska vara lagom<\/strong>,\u00a0 allts\u00e5 inte f\u00f6r l\u00e5g, f\u00f6reningens ekonomi m\u00e5ste vara i balans. Vad som \u00e4r lagom kan vara sv\u00e5rt att veta f\u00f6r den oinitierade, men ett ber\u00e4kningstips finns h\u00e4r (<a title=\"21: Ber\u00e4kningstips 2 \u2013 Underh\u00e5lls- och amorterings-utrymmet\" href=\"http:\/\/www.borattupplysning.se\/wp_brskola\/uham-utrymmet\/\">Bor\u00e4ttk\u00f6parskolan 21<\/a>).<\/p>\n<p><strong>3. F\u00f6reningens driftskostnader ska vara l\u00e5ga.<\/strong>\u00a0 L\u00e5ga driftskostnader \u00e4r bra b\u00e5de f\u00f6r f\u00f6reningen och f\u00f6r medlemmarna, och tyder p\u00e5 en bra styrelse och bra f\u00f6rvaltning.<\/p>\n<p><strong>4. F\u00f6reningen har gemensamt bredband, gemensam el,\u00a0 gratis parkering, eller annat liknande.<\/strong>\u00a0 Detta \u00e4r mycket f\u00f6rm\u00e5nligt f\u00f6r de boende och kan inneb\u00e4ra m\u00e5nga sparade 100-lappar varje m\u00e5nad (<a title=\"11. Vad ing\u00e5r i m\u00e5nadsavgiften?\" href=\"http:\/\/www.borattupplysning.se\/wp_brskola\/vad-ingar-i-manadsavgiften\/\">Bor\u00e4ttk\u00f6parskolan 11<\/a>).<\/p>\n<p>Allt detta g\u00e5r att utl\u00e4sa ur <strong>bostadsr\u00e4ttsf\u00f6reningens \u00e5rsredovisning.<\/strong> Men det \u00e4r inte s\u00e5 enkelt som det l\u00e5ter, det kr\u00e4vs kunskap och insikt i att tolka bokslutets siffror r\u00e4tt. Men vi g\u00f6r det \u00e5t dig, genom v\u00e5ra <a href=\"http:\/\/www.borattupplysning.se\/index-filer\/betyg.htm\" target=\"_blank\"><strong>betygslistor<\/strong><\/a> och v\u00e5r betaltj\u00e4nst <a href=\"http:\/\/www.borattupplysning.se\/index-filer\/upplysning.htm\" target=\"_blank\"><strong>Bor\u00e4ttupplysning<\/strong><\/a>. Framf\u00f6r allt ska du aldrig lita p\u00e5 m\u00e4klarens omd\u00f6men, m\u00e4klarna \u00e4r tyv\u00e4rr inte alltid s\u00e5\u00a0kunniga i bostadsr\u00e4ttsekonomi, och framf\u00f6r allt \u00e4r de inte opartiska (<a title=\"7. Lita inte p\u00e5 m\u00e4klarna!\" href=\"http:\/\/www.borattupplysning.se\/wp_brskola\/maklare\/\">Bor\u00e4ttk\u00f6parskolan 7<\/a>).<\/p>\n<p>Att k\u00f6pa bostadsr\u00e4tt i en \u201cbra\u201d f\u00f6rening inneb\u00e4r att du f\u00e5r en stabil och l\u00e5g\u00a0boendekostnad, och en utveckling av bostadsr\u00e4ttens marknadsv\u00e4rde b\u00e4ttre \u00e4n genomsnittet. En bra f\u00f6rening \u00e4r den b\u00e4sta garantin f\u00f6r att ditt bostadsk\u00f6p\u00a0ska bli bra p\u00e5 sikt.<\/p>\n<p>&nbsp;<\/p>\n<p style=\"text-align: right;\">  \u00a9 Bor\u00e4ttupplysning Sk\u00e5ne<\/p>\n","protected":false},"excerpt":{"rendered":"<p>Vad \u00e4r en bra bostadsr\u00e4tt? Att k\u00f6pa bostadsr\u00e4tt \u00e4r f\u00f6r de flesta den st\u00f6rsta och viktigaste aff\u00e4r man n\u00e5gonsin g\u00f6r. D\u00e5 borde det vara sj\u00e4lvklart att f\u00e5 alla fakta p\u00e5 bordet s\u00e5 att man kan g\u00f6ra ett bra och s\u00e4kert val. Men tyv\u00e4rr \u00e4r det s\u00e4llan s\u00e5. Den viktigaste aspekten omn\u00e4mns n\u00e4stan aldrig, n\u00e4mligen den [&hellip;]<\/p>\n","protected":false},"author":1,"featured_media":0,"parent":0,"menu_order":34,"comment_status":"open","ping_status":"closed","template":"","meta":[],"_links":{"self":[{"href":"https:\/\/www.borattupplysning.se\/wp_brskola\/wp-json\/wp\/v2\/pages\/1322"}],"collection":[{"href":"https:\/\/www.borattupplysning.se\/wp_brskola\/wp-json\/wp\/v2\/pages"}],"about":[{"href":"https:\/\/www.borattupplysning.se\/wp_brskola\/wp-json\/wp\/v2\/types\/page"}],"author":[{"embeddable":true,"href":"https:\/\/www.borattupplysning.se\/wp_brskola\/wp-json\/wp\/v2\/users\/1"}],"replies":[{"embeddable":true,"href":"https:\/\/www.borattupplysning.se\/wp_brskola\/wp-json\/wp\/v2\/comments?post=1322"}],"version-history":[{"count":40,"href":"https:\/\/www.borattupplysning.se\/wp_brskola\/wp-json\/wp\/v2\/pages\/1322\/revisions"}],"predecessor-version":[{"id":1353,"href":"https:\/\/www.borattupplysning.se\/wp_brskola\/wp-json\/wp\/v2\/pages\/1322\/revisions\/1353"}],"wp:attachment":[{"href":"https:\/\/www.borattupplysning.se\/wp_brskola\/wp-json\/wp\/v2\/media?parent=1322"}],"curies":[{"name":"wp","href":"https:\/\/api.w.org\/{rel}","templated":true}]}}